{"id":95,"date":"2025-01-31T20:53:28","date_gmt":"2025-01-31T20:53:28","guid":{"rendered":"https:\/\/guianetflix.net\/?page_id=95"},"modified":"2025-01-31T20:53:29","modified_gmt":"2025-01-31T20:53:29","slug":"about","status":"publish","type":"page","link":"https:\/\/guianetflix.net\/fr\/about\/","title":{"rendered":"\u00c0 propos du guide Netflix"},"content":{"rendered":"<div class=\"mx-5 sm:mx-0 prose leading-relaxed text-lg mb-5 text-left wp-paragraph\">\n<p>N\u0153ud <strong>Guide Netflix<\/strong>Le divertissement occupe une place de choix. Nous abordons ici tout ce qui fait bouger l&#039;univers des s\u00e9ries, films, feuilletons et autres curiosit\u00e9s, sans omettre aucune actualit\u00e9 importante. Notre contenu est con\u00e7u pour ceux qui souhaitent aller au-del\u00e0 des \u00e9vidences et d\u00e9couvrir des faits, des tendances et des analyses de qualit\u00e9 sur leurs productions pr\u00e9f\u00e9r\u00e9es.<\/p>\n<\/div><!--advertisement--><div class=\"mx-5 sm:mx-0 sm:text-3xl text-2xl font-medium title-font mb-4 text-gray-900 text-left\">\n<h3 class=\"wp-block-heading\">Qui sommes-nous<\/h3>\n<\/div><div class=\"mx-5 sm:mx-0 prose leading-relaxed text-lg mb-5 text-left wp-paragraph\">\n<p>LE <strong>Guide Netflix<\/strong> est n\u00e9 de l&#039;envie de partager du contenu pertinent sur l&#039;univers du cin\u00e9ma. Notre \u00e9quipe est compos\u00e9e de passionn\u00e9s de cin\u00e9ma, de t\u00e9l\u00e9vision et de tout ce qui touche aux belles histoires. Nous explorons tout, des sorties les plus remarqu\u00e9es aux classiques qui ont conquis des g\u00e9n\u00e9rations.<\/p>\n<\/div><!--advertisement--><div class=\"mx-5 sm:mx-0 sm:text-3xl text-2xl font-medium title-font mb-4 text-gray-900 text-left\">\n<h3 class=\"wp-block-heading\">Ce que vous trouverez<\/h3>\n<\/div><div class=\"mx-5 sm:mx-0 prose text-left mb-5\">\n<ul><div class=\"mx-5 sm:mx-0 prose text-left mb-5\">\n<li><strong>Actualit\u00e9s et communiqu\u00e9s :<\/strong> Tout sur les premi\u00e8res, les renouvellements et les actualit\u00e9s sur les plateformes de streaming.<\/li>\n<\/div>\n\n<div class=\"mx-5 sm:mx-0 prose text-left mb-5\">\n<li><strong>Analyse directe :<\/strong> Des avis honn\u00eates sur ce qui vaut vraiment la peine d&#039;\u00eatre regard\u00e9 et ce que vous pouvez \u00e9viter.<\/li>\n<\/div>\n\n<div class=\"mx-5 sm:mx-0 prose text-left mb-5\">\n<li><strong>Suggestions personnalis\u00e9es :<\/strong> Listes et recommandations con\u00e7ues pour diff\u00e9rents styles et moments.<\/li>\n<\/div>\n\n<div class=\"mx-5 sm:mx-0 prose text-left mb-5\">\n<li><strong>Curiosit\u00e9s et faits insolites :<\/strong> Des informations exclusives et des d\u00e9tails peu connus sur vos titres pr\u00e9f\u00e9r\u00e9s.<\/li>\n<\/div>\n\n<div class=\"mx-5 sm:mx-0 prose text-left mb-5\">\n<li><strong>Tendances en mati\u00e8re de divertissement :<\/strong> Restez au courant des tendances et sachez \u00e0 quoi vous attendre dans les mois \u00e0 venir.<\/li>\n<\/div><\/ul>\n<\/div><!--advertisement--><div class=\"mx-5 sm:mx-0 sm:text-3xl text-2xl font-medium title-font mb-4 text-gray-900 text-left\">\n<h3 class=\"wp-block-heading\">Notre engagement<\/h3>\n<\/div><div class=\"mx-5 sm:mx-0 prose leading-relaxed text-lg mb-5 text-left wp-paragraph\">\n<p>Notre mission est de proposer un contenu honn\u00eate et soign\u00e9, centr\u00e9 sur ce qui compte vraiment pour les fans de divertissement. Notre objectif n&#039;est pas de plaire \u00e0 tout prix, mais plut\u00f4t de partager des informations pertinentes et des opinions authentiques.<\/p>\n<\/div><!--advertisement--><div class=\"mx-5 sm:mx-0 sm:text-3xl text-2xl font-medium title-font mb-4 text-gray-900 text-left\">\n<h3 class=\"wp-block-heading\">Avis important<\/h3>\n<\/div><div class=\"mx-5 sm:mx-0 prose leading-relaxed text-lg mb-5 text-left wp-paragraph\">\n<p>LE <strong>Guide Netflix<\/strong> est un portail enti\u00e8rement ind\u00e9pendant, sans affiliation avec des studios, des services de streaming ou des soci\u00e9t\u00e9s de divertissement. Nos analyses et recommandations sont impartiales, bas\u00e9es exclusivement sur la recherche, l&#039;observation et l&#039;exp\u00e9rience de notre \u00e9quipe. Vous pouvez \u00eatre s\u00fbr que toutes nos publications sont pens\u00e9es avec transparence et engagement envers nos lecteurs.<\/p>\n<\/div>","protected":false},"excerpt":{"rendered":"<p>Dans le Guide Netflix, le divertissement occupe une place de choix. Nous y abordons tout ce qui fait bouger le monde des s\u00e9ries, des films, des feuilletons et des curiosit\u00e9s, sans omettre aucune actualit\u00e9 importante. Notre contenu est con\u00e7u pour ceux qui souhaitent aller au-del\u00e0 des \u00e9vidences et d\u00e9couvrir des faits, des tendances et des analyses de qualit\u00e9 sur leurs productions pr\u00e9f\u00e9r\u00e9es. Qui sommes-nous\u00a0? <a class=\"more-link\" href=\"https:\/\/guianetflix.net\/fr\/about\/\">Continuer \u00e0 lire <span class=\"screen-reader-text\">\u00c0 propos du guide Netflix<\/span><\/a><\/p>","protected":false},"author":3,"featured_media":0,"parent":0,"menu_order":0,"comment_status":"closed","ping_status":"closed","template":"","meta":{"footnotes":""},"yoast_head":"<!-- This site is optimized with the Yoast SEO plugin v23.3 - https:\/\/yoast.com\/wordpress\/plugins\/seo\/ -->\n<title>Sobre o Guia Netflix - G|N<\/title>\n<meta name=\"robots\" content=\"index, follow, max-snippet:-1, max-image-preview:large, max-video-preview:-1\" \/>\n<link rel=\"canonical\" href=\"https:\/\/guianetflix.net\/fr\/about\/\" \/>\n<meta property=\"og:locale\" content=\"fr_FR\" \/>\n<meta property=\"og:type\" content=\"article\" \/>\n<meta property=\"og:title\" content=\"Sobre o Guia Netflix - G|N\" \/>\n<meta property=\"og:description\" content=\"No Guia Netflix, o entretenimento ganha um espa\u00e7o especial. Aqui, falamos sobre tudo o que movimenta o universo das s\u00e9ries, filmes, novelas e curiosidades, sem deixar passar nenhuma novidade importante. Nosso conte\u00fado \u00e9 pensado para quem quer ir al\u00e9m do \u00f3bvio, descobrindo fatos, tend\u00eancias e an\u00e1lises de qualidade sobre suas produ\u00e7\u00f5es favoritas. Quem Somos O&hellip; Continue reading Sobre o Guia Netflix\" \/>\n<meta property=\"og:url\" content=\"https:\/\/guianetflix.net\/fr\/about\/\" \/>\n<meta property=\"og:site_name\" content=\"G|N\" \/>\n<meta property=\"article:modified_time\" content=\"2025-01-31T20:53:29+00:00\" \/>\n<meta name=\"twitter:card\" content=\"summary_large_image\" \/>\n<meta name=\"twitter:label1\" content=\"Est. reading time\" \/>\n\t<meta name=\"twitter:data1\" content=\"2 minutes\" \/>\n<script type=\"application\/ld+json\" class=\"yoast-schema-graph\">{\"@context\":\"https:\/\/schema.org\",\"@graph\":[{\"@type\":\"WebPage\",\"@id\":\"https:\/\/guianetflix.net\/about\/\",\"url\":\"https:\/\/guianetflix.net\/about\/\",\"name\":\"Sobre o Guia Netflix - G|N\",\"isPartOf\":{\"@id\":\"https:\/\/guianetflix.net\/#website\"},\"datePublished\":\"2025-01-31T20:53:28+00:00\",\"dateModified\":\"2025-01-31T20:53:29+00:00\",\"breadcrumb\":{\"@id\":\"https:\/\/guianetflix.net\/about\/#breadcrumb\"},\"inLanguage\":\"fr-FR\",\"potentialAction\":[{\"@type\":\"ReadAction\",\"target\":[\"https:\/\/guianetflix.net\/about\/\"]}]},{\"@type\":\"BreadcrumbList\",\"@id\":\"https:\/\/guianetflix.net\/about\/#breadcrumb\",\"itemListElement\":[{\"@type\":\"ListItem\",\"position\":1,\"name\":\"Home\",\"item\":\"https:\/\/guianetflix.net\/\"},{\"@type\":\"ListItem\",\"position\":2,\"name\":\"Sobre o Guia Netflix\"}]},{\"@type\":\"WebSite\",\"@id\":\"https:\/\/guianetflix.net\/#website\",\"url\":\"https:\/\/guianetflix.net\/\",\"name\":\"G|N\",\"description\":\"\",\"potentialAction\":[{\"@type\":\"SearchAction\",\"target\":{\"@type\":\"EntryPoint\",\"urlTemplate\":\"https:\/\/guianetflix.net\/?s={search_term_string}\"},\"query-input\":\"required name=search_term_string\"}],\"inLanguage\":\"fr-FR\"}]}<\/script>\n<!-- \/ Yoast SEO plugin. -->","yoast_head_json":{"title":"Sobre o Guia Netflix - G|N","robots":{"index":"index","follow":"follow","max-snippet":"max-snippet:-1","max-image-preview":"max-image-preview:large","max-video-preview":"max-video-preview:-1"},"canonical":"https:\/\/guianetflix.net\/fr\/about\/","og_locale":"fr_FR","og_type":"article","og_title":"Sobre o Guia Netflix - G|N","og_description":"No Guia Netflix, o entretenimento ganha um espa\u00e7o especial. Aqui, falamos sobre tudo o que movimenta o universo das s\u00e9ries, filmes, novelas e curiosidades, sem deixar passar nenhuma novidade importante. Nosso conte\u00fado \u00e9 pensado para quem quer ir al\u00e9m do \u00f3bvio, descobrindo fatos, tend\u00eancias e an\u00e1lises de qualidade sobre suas produ\u00e7\u00f5es favoritas. Quem Somos O&hellip; Continue reading Sobre o Guia Netflix","og_url":"https:\/\/guianetflix.net\/fr\/about\/","og_site_name":"G|N","article_modified_time":"2025-01-31T20:53:29+00:00","twitter_card":"summary_large_image","twitter_misc":{"Est. reading time":"2 minutes"},"schema":{"@context":"https:\/\/schema.org","@graph":[{"@type":"WebPage","@id":"https:\/\/guianetflix.net\/about\/","url":"https:\/\/guianetflix.net\/about\/","name":"Sobre o Guia Netflix - G|N","isPartOf":{"@id":"https:\/\/guianetflix.net\/#website"},"datePublished":"2025-01-31T20:53:28+00:00","dateModified":"2025-01-31T20:53:29+00:00","breadcrumb":{"@id":"https:\/\/guianetflix.net\/about\/#breadcrumb"},"inLanguage":"fr-FR","potentialAction":[{"@type":"ReadAction","target":["https:\/\/guianetflix.net\/about\/"]}]},{"@type":"BreadcrumbList","@id":"https:\/\/guianetflix.net\/about\/#breadcrumb","itemListElement":[{"@type":"ListItem","position":1,"name":"Home","item":"https:\/\/guianetflix.net\/"},{"@type":"ListItem","position":2,"name":"Sobre o Guia Netflix"}]},{"@type":"WebSite","@id":"https:\/\/guianetflix.net\/#website","url":"https:\/\/guianetflix.net\/","name":"G|N","description":"","potentialAction":[{"@type":"SearchAction","target":{"@type":"EntryPoint","urlTemplate":"https:\/\/guianetflix.net\/?s={search_term_string}"},"query-input":"required name=search_term_string"}],"inLanguage":"fr-FR"}]}},"_links":{"self":[{"href":"https:\/\/guianetflix.net\/fr\/wp-json\/wp\/v2\/pages\/95"}],"collection":[{"href":"https:\/\/guianetflix.net\/fr\/wp-json\/wp\/v2\/pages"}],"about":[{"href":"https:\/\/guianetflix.net\/fr\/wp-json\/wp\/v2\/types\/page"}],"author":[{"embeddable":true,"href":"https:\/\/guianetflix.net\/fr\/wp-json\/wp\/v2\/users\/3"}],"replies":[{"embeddable":true,"href":"https:\/\/guianetflix.net\/fr\/wp-json\/wp\/v2\/comments?post=95"}],"version-history":[{"count":1,"href":"https:\/\/guianetflix.net\/fr\/wp-json\/wp\/v2\/pages\/95\/revisions"}],"predecessor-version":[{"id":96,"href":"https:\/\/guianetflix.net\/fr\/wp-json\/wp\/v2\/pages\/95\/revisions\/96"}],"wp:attachment":[{"href":"https:\/\/guianetflix.net\/fr\/wp-json\/wp\/v2\/media?parent=95"}],"curies":[{"name":"wp","href":"https:\/\/api.w.org\/{rel}","templated":true}]}}